{"id":1205,"date":"2018-01-31T13:58:25","date_gmt":"2018-01-31T17:58:25","guid":{"rendered":"https:\/\/alfagroup.cl\/certifications\/"},"modified":"2018-02-13T13:55:07","modified_gmt":"2018-02-13T17:55:07","slug":"certifications","status":"publish","type":"page","link":"https:\/\/alfagroup.cl\/en\/certifications\/","title":{"rendered":"Certifications"},"content":{"rendered":"<h1 class=\"product-category-slogan\">Nos <em>certificamos<\/em> pensando en tu negocio<\/h1>\n<h1 class=\"category-title color-certificaciones\">Certificaciones<\/h1>\n<p>Contamos con los sellos que avalan nuestra calidad, innovaci\u00f3n y tecnolog\u00eda en la industria de la alimentaci\u00f3n.<\/p>\n<p>FSSC 22000<\/p>\n<p>HACCP<\/p>\n<p>&nbsp;<\/p>\n<h1>Pol\u00edtica de Calidad e Inocuidad<\/h1>\n<h2>Nuestro Compromiso<\/h2>\n<p>En ALFA Group consideramos que el Sistema de Gesti\u00f3n de Calidad, Inocuidad y Seguridad es parte fundamental de lo que somos, lo que se refleja en nuestros valores corporativos y es por eso que adquirimos 3 compromisos con nuestros clientes, consumidores y colaboradores.<\/p>\n<ol>\n<li>Nos comprometemos a desarrollar productos y servicios que satisfagan los requerimientos de inocuidad y calidad, realizando todos los esfuerzos profesionales, tecnol\u00f3gicos para lograr los est\u00e1ndares mutuamente acordados.<\/li>\n<li>Nos comprometemos a mantener y perfeccionar nuestro Sistema de Gesti\u00f3n de Calidad, Inocuidad y Seguridad de acuerdo a las normas legales vigentes y aplicables a nuestra industria y mantendremos informados a nuestros Clientes, Proveedores, Consumidores y Autoridades competentes a trav\u00e9s de canales de comunicaci\u00f3n establecidos.<\/li>\n<li>Nos comprometemos a mantener a nuestros colaboradores capacitados adecuadamente, para fomentar as\u00ed un proceso de mejora continua en la Calidad e Inocuidad de nuestros procesos y productos.<\/li>\n<\/ol>\n","protected":false},"excerpt":{"rendered":"<p>Nos certificamos pensando en tu negocio Certificaciones Contamos con los sellos que avalan nuestra calidad, innovaci\u00f3n y tecnolog\u00eda en la industria de la alimentaci\u00f3n. FSSC 22000 HACCP &nbsp; Pol\u00edtica de Calidad e Inocuidad Nuestro Compromiso En ALFA Group consideramos que el Sistema de Gesti\u00f3n de Calidad, Inocuidad y Seguridad es parte fundamental de lo que [&hellip;]<\/p>\n","protected":false},"author":2,"featured_media":0,"parent":0,"menu_order":0,"comment_status":"closed","ping_status":"closed","template":"page_certificaciones.php","meta":{"footnotes":""},"class_list":["post-1205","page","type-page","status-publish","hentry"],"yoast_head":"<!-- This site is optimized with the Yoast SEO plugin v17.8 - https:\/\/yoast.com\/wordpress\/plugins\/seo\/ -->\n<title>Certifications - Alfa Group<\/title>\n<meta name=\"robots\" content=\"index, follow, max-snippet:-1, max-image-preview:large, max-video-preview:-1\" \/>\n<link rel=\"canonical\" href=\"https:\/\/alfagroup.cl\/en\/certifications\/\" \/>\n<meta property=\"og:locale\" content=\"en_US\" \/>\n<meta property=\"og:type\" content=\"article\" \/>\n<meta property=\"og:title\" content=\"Certifications - Alfa Group\" \/>\n<meta property=\"og:description\" content=\"Nos certificamos pensando en tu negocio Certificaciones Contamos con los sellos que avalan nuestra calidad, innovaci\u00f3n y tecnolog\u00eda en la industria de la alimentaci\u00f3n. FSSC 22000 HACCP &nbsp; Pol\u00edtica de Calidad e Inocuidad Nuestro Compromiso En ALFA Group consideramos que el Sistema de Gesti\u00f3n de Calidad, Inocuidad y Seguridad es parte fundamental de lo que [&hellip;]\" \/>\n<meta property=\"og:url\" content=\"https:\/\/alfagroup.cl\/en\/certifications\/\" \/>\n<meta property=\"og:site_name\" content=\"Alfa Group\" \/>\n<meta property=\"article:publisher\" content=\"https:\/\/www.facebook.com\/ALFAGroup.cl\/\" \/>\n<meta property=\"article:modified_time\" content=\"2018-02-13T17:55:07+00:00\" \/>\n<meta name=\"twitter:card\" content=\"summary_large_image\" \/>\n<meta name=\"twitter:label1\" content=\"Est. reading time\" \/>\n\t<meta name=\"twitter:data1\" content=\"1 minute\" \/>\n<script type=\"application\/ld+json\" class=\"yoast-schema-graph\">{\"@context\":\"https:\/\/schema.org\",\"@graph\":[{\"@type\":\"Organization\",\"@id\":\"https:\/\/alfagroup.cl\/#organization\",\"name\":\"Alfa Group\",\"url\":\"https:\/\/alfagroup.cl\/\",\"sameAs\":[\"https:\/\/www.facebook.com\/ALFAGroup.cl\/\",\"https:\/\/www.instagram.com\/alfagroupcl\/\",\"https:\/\/cl.linkedin.com\/company\/alfa-group-cl\"],\"logo\":{\"@type\":\"ImageObject\",\"@id\":\"https:\/\/alfagroup.cl\/#logo\",\"inLanguage\":\"en-US\",\"url\":\"https:\/\/alfagroup.cl\/wp-content\/uploads\/2018\/02\/logo-alfagroup.png\",\"contentUrl\":\"https:\/\/alfagroup.cl\/wp-content\/uploads\/2018\/02\/logo-alfagroup.png\",\"width\":300,\"height\":132,\"caption\":\"Alfa Group\"},\"image\":{\"@id\":\"https:\/\/alfagroup.cl\/#logo\"}},{\"@type\":\"WebSite\",\"@id\":\"https:\/\/alfagroup.cl\/#website\",\"url\":\"https:\/\/alfagroup.cl\/\",\"name\":\"ALFA Group - Soluciones Innovadoras para la Industria de Alimentos\",\"description\":\"The raw material for great moments\",\"publisher\":{\"@id\":\"https:\/\/alfagroup.cl\/#organization\"},\"potentialAction\":[{\"@type\":\"SearchAction\",\"target\":{\"@type\":\"EntryPoint\",\"urlTemplate\":\"https:\/\/alfagroup.cl\/?s={search_term_string}\"},\"query-input\":\"required name=search_term_string\"}],\"inLanguage\":\"en-US\"},{\"@type\":\"WebPage\",\"@id\":\"https:\/\/alfagroup.cl\/en\/certifications\/#webpage\",\"url\":\"https:\/\/alfagroup.cl\/en\/certifications\/\",\"name\":\"Certifications - Alfa Group\",\"isPartOf\":{\"@id\":\"https:\/\/alfagroup.cl\/#website\"},\"datePublished\":\"2018-01-31T17:58:25+00:00\",\"dateModified\":\"2018-02-13T17:55:07+00:00\",\"breadcrumb\":{\"@id\":\"https:\/\/alfagroup.cl\/en\/certifications\/#breadcrumb\"},\"inLanguage\":\"en-US\",\"potentialAction\":[{\"@type\":\"ReadAction\",\"target\":[\"https:\/\/alfagroup.cl\/en\/certifications\/\"]}]},{\"@type\":\"BreadcrumbList\",\"@id\":\"https:\/\/alfagroup.cl\/en\/certifications\/#breadcrumb\",\"itemListElement\":[{\"@type\":\"ListItem\",\"position\":1,\"name\":\"Portada\",\"item\":\"https:\/\/alfagroup.cl\/en\/\"},{\"@type\":\"ListItem\",\"position\":2,\"name\":\"Certifications\"}]}]}<\/script>\n<!-- \/ Yoast SEO plugin. -->","yoast_head_json":{"title":"Certifications - Alfa Group","robots":{"index":"index","follow":"follow","max-snippet":"max-snippet:-1","max-image-preview":"max-image-preview:large","max-video-preview":"max-video-preview:-1"},"canonical":"https:\/\/alfagroup.cl\/en\/certifications\/","og_locale":"en_US","og_type":"article","og_title":"Certifications - Alfa Group","og_description":"Nos certificamos pensando en tu negocio Certificaciones Contamos con los sellos que avalan nuestra calidad, innovaci\u00f3n y tecnolog\u00eda en la industria de la alimentaci\u00f3n. FSSC 22000 HACCP &nbsp; Pol\u00edtica de Calidad e Inocuidad Nuestro Compromiso En ALFA Group consideramos que el Sistema de Gesti\u00f3n de Calidad, Inocuidad y Seguridad es parte fundamental de lo que [&hellip;]","og_url":"https:\/\/alfagroup.cl\/en\/certifications\/","og_site_name":"Alfa Group","article_publisher":"https:\/\/www.facebook.com\/ALFAGroup.cl\/","article_modified_time":"2018-02-13T17:55:07+00:00","twitter_card":"summary_large_image","twitter_misc":{"Est. reading time":"1 minute"},"schema":{"@context":"https:\/\/schema.org","@graph":[{"@type":"Organization","@id":"https:\/\/alfagroup.cl\/#organization","name":"Alfa Group","url":"https:\/\/alfagroup.cl\/","sameAs":["https:\/\/www.facebook.com\/ALFAGroup.cl\/","https:\/\/www.instagram.com\/alfagroupcl\/","https:\/\/cl.linkedin.com\/company\/alfa-group-cl"],"logo":{"@type":"ImageObject","@id":"https:\/\/alfagroup.cl\/#logo","inLanguage":"en-US","url":"https:\/\/alfagroup.cl\/wp-content\/uploads\/2018\/02\/logo-alfagroup.png","contentUrl":"https:\/\/alfagroup.cl\/wp-content\/uploads\/2018\/02\/logo-alfagroup.png","width":300,"height":132,"caption":"Alfa Group"},"image":{"@id":"https:\/\/alfagroup.cl\/#logo"}},{"@type":"WebSite","@id":"https:\/\/alfagroup.cl\/#website","url":"https:\/\/alfagroup.cl\/","name":"ALFA Group - Soluciones Innovadoras para la Industria de Alimentos","description":"The raw material for great moments","publisher":{"@id":"https:\/\/alfagroup.cl\/#organization"},"potentialAction":[{"@type":"SearchAction","target":{"@type":"EntryPoint","urlTemplate":"https:\/\/alfagroup.cl\/?s={search_term_string}"},"query-input":"required name=search_term_string"}],"inLanguage":"en-US"},{"@type":"WebPage","@id":"https:\/\/alfagroup.cl\/en\/certifications\/#webpage","url":"https:\/\/alfagroup.cl\/en\/certifications\/","name":"Certifications - Alfa Group","isPartOf":{"@id":"https:\/\/alfagroup.cl\/#website"},"datePublished":"2018-01-31T17:58:25+00:00","dateModified":"2018-02-13T17:55:07+00:00","breadcrumb":{"@id":"https:\/\/alfagroup.cl\/en\/certifications\/#breadcrumb"},"inLanguage":"en-US","potentialAction":[{"@type":"ReadAction","target":["https:\/\/alfagroup.cl\/en\/certifications\/"]}]},{"@type":"BreadcrumbList","@id":"https:\/\/alfagroup.cl\/en\/certifications\/#breadcrumb","itemListElement":[{"@type":"ListItem","position":1,"name":"Portada","item":"https:\/\/alfagroup.cl\/en\/"},{"@type":"ListItem","position":2,"name":"Certifications"}]}]}},"_links":{"self":[{"href":"https:\/\/alfagroup.cl\/en\/wp-json\/wp\/v2\/pages\/1205\/"}],"collection":[{"href":"https:\/\/alfagroup.cl\/en\/wp-json\/wp\/v2\/pages\/"}],"about":[{"href":"https:\/\/alfagroup.cl\/en\/wp-json\/wp\/v2\/types\/page\/"}],"author":[{"embeddable":true,"href":"https:\/\/alfagroup.cl\/en\/wp-json\/wp\/v2\/users\/2\/"}],"replies":[{"embeddable":true,"href":"https:\/\/alfagroup.cl\/en\/wp-json\/wp\/v2\/comments\/?post=1205"}],"version-history":[{"count":1,"href":"https:\/\/alfagroup.cl\/en\/wp-json\/wp\/v2\/pages\/1205\/revisions\/"}],"predecessor-version":[{"id":1206,"href":"https:\/\/alfagroup.cl\/en\/wp-json\/wp\/v2\/pages\/1205\/revisions\/1206\/"}],"wp:attachment":[{"href":"https:\/\/alfagroup.cl\/en\/wp-json\/wp\/v2\/media\/?parent=1205"}],"curies":[{"name":"wp","href":"https:\/\/api.w.org\/{rel}","templated":true}]}}